{"id":11,"date":"2023-08-27T19:26:12","date_gmt":"2023-08-27T17:26:12","guid":{"rendered":"http:\/\/centre4axes.be\/?page_id=11"},"modified":"2023-08-28T07:20:49","modified_gmt":"2023-08-28T05:20:49","slug":"remboursements_retours","status":"publish","type":"page","link":"https:\/\/centre4axes.be\/?page_id=11","title":{"rendered":"Conditions g\u00e9n\u00e9rales"},"content":{"rendered":"\n<p><strong>CONDITIONS G\u00c9N\u00c9RALES DE VENTE DU CENTRE 4 AXES<\/strong><\/p>\n\n\n\n<p><em>Adresse : 43 rue G\u00e9n\u00e9ral Piron, 7500 Tournai, Belgique<\/em><\/p>\n\n\n\n<hr class=\"wp-block-separator has-alpha-channel-opacity\"\/>\n\n\n\n<p><strong>1. Objet<\/strong><\/p>\n\n\n\n<p>Les pr\u00e9sentes Conditions G\u00e9n\u00e9rales de Vente (ci-apr\u00e8s d\u00e9nomm\u00e9es \u00ab\u00a0CGV\u00a0\u00bb) ont pour objet de d\u00e9finir les droits et obligations des parties dans le cadre de la vente de tickets pour des \u00e9v\u00e9nements (conf\u00e9rences ou activit\u00e9s) propos\u00e9s par le Centre 4 axes, accessible via sa boutique en ligne.<\/p>\n\n\n\n<hr class=\"wp-block-separator has-alpha-channel-opacity\"\/>\n\n\n\n<p><strong>2. Acceptation des conditions<\/strong><\/p>\n\n\n\n<p>Le fait de passer une commande sur la boutique en ligne du Centre 4 axes implique l&rsquo;acceptation pleine et enti\u00e8re des pr\u00e9sentes CGV par le client.<\/p>\n\n\n\n<hr class=\"wp-block-separator has-alpha-channel-opacity\"\/>\n\n\n\n<p><strong>3. Prix des tickets<\/strong><\/p>\n\n\n\n<p>Les prix des tickets sont indiqu\u00e9s en euros, toutes taxes comprises (TTC). Le Centre 4 axes se r\u00e9serve le droit de modifier ses prix \u00e0 tout moment, \u00e9tant toutefois entendu que le prix figurant sur la boutique en ligne le jour de la commande sera le seul applicable au client.<\/p>\n\n\n\n<hr class=\"wp-block-separator has-alpha-channel-opacity\"\/>\n\n\n\n<p><strong>4. Commande et paiement<\/strong><\/p>\n\n\n\n<p>La commande ne sera consid\u00e9r\u00e9e comme d\u00e9finitive qu&rsquo;apr\u00e8s le paiement int\u00e9gral du montant de la commande. Le paiement s&rsquo;effectue en ligne lors de la validation de la commande.<\/p>\n\n\n\n<hr class=\"wp-block-separator has-alpha-channel-opacity\"\/>\n\n\n\n<p><strong>5. Non-remboursement<\/strong><\/p>\n\n\n\n<p>Les tickets achet\u00e9s sont non-remboursables sauf en cas d&rsquo;annulation de l&rsquo;\u00e9v\u00e9nement par le Centre 4 axes.<\/p>\n\n\n\n<hr class=\"wp-block-separator has-alpha-channel-opacity\"\/>\n\n\n\n<p><strong>6. Annulation et report de l&rsquo;\u00e9v\u00e9nement<\/strong><\/p>\n\n\n\n<p>6.1. Si le Centre 4 axes est contraint d&rsquo;annuler un \u00e9v\u00e9nement, le client sera int\u00e9gralement rembours\u00e9 du montant de son ticket.<\/p>\n\n\n\n<p>6.2. En cas de report de l&rsquo;\u00e9v\u00e9nement, le client sera inform\u00e9 par e-mail dans les plus brefs d\u00e9lais. Le client aura alors la possibilit\u00e9 de conserver son ticket pour la nouvelle date ou d&rsquo;annuler sa r\u00e9servation et d&rsquo;obtenir un remboursement int\u00e9gral.<\/p>\n\n\n\n<hr class=\"wp-block-separator has-alpha-channel-opacity\"\/>\n\n\n\n<p><strong>7. Absence (\u00ab\u00a0No show\u00a0\u00bb)<\/strong><\/p>\n\n\n\n<p>Si le client ne se pr\u00e9sente pas \u00e0 l&rsquo;\u00e9v\u00e9nement pour lequel il a achet\u00e9 un ticket (\u00ab\u00a0no show\u00a0\u00bb), aucun remboursement ne sera effectu\u00e9, sauf cas exceptionnel. Dans une telle situation exceptionnelle, la demande de remboursement devra \u00eatre adress\u00e9e par e-mail au Centre 4 axes, qui \u00e9valuera la l\u00e9gitimit\u00e9 de la demande au cas par cas.<\/p>\n\n\n\n<hr class=\"wp-block-separator has-alpha-channel-opacity\"\/>\n\n\n\n<p><strong>8. Responsabilit\u00e9s<\/strong><\/p>\n\n\n\n<p>Le Centre 4 axes ne saurait \u00eatre tenu pour responsable de tout inconv\u00e9nient ou dommage inh\u00e9rent \u00e0 l&rsquo;utilisation du r\u00e9seau Internet, notamment une rupture de service, une intrusion ext\u00e9rieure ou la pr\u00e9sence de virus informatiques.<\/p>\n\n\n\n<hr class=\"wp-block-separator has-alpha-channel-opacity\"\/>\n\n\n\n<p><strong>9. Donn\u00e9es personnelles<\/strong><\/p>\n\n\n\n<p>Les informations et donn\u00e9es fournies par le client sont n\u00e9cessaires pour le traitement et la livraison des commandes ainsi que pour l&rsquo;\u00e9tablissement des factures. Elles sont strictement confidentielles et ne seront pas transmises \u00e0 des tiers.<\/p>\n\n\n\n<hr class=\"wp-block-separator has-alpha-channel-opacity\"\/>\n\n\n\n<p><strong>10. Litiges<\/strong><\/p>\n\n\n\n<p>Les pr\u00e9sentes CGV sont soumises \u00e0 la loi belge. En cas de litige, les tribunaux belges seront seuls comp\u00e9tents.<\/p>\n\n\n\n<hr class=\"wp-block-separator has-alpha-channel-opacity\"\/>\n\n\n\n<p><strong>11. Coordonn\u00e9es du Centre 4 axes<\/strong><\/p>\n\n\n\n<p>Pour toute question ou demande d&rsquo;information concernant les produits propos\u00e9s par le Centre 4 axes, ou concernant la boutique en ligne, le client peut s&rsquo;adresser au service client \u00e0 l&rsquo;adresse indiqu\u00e9e ci-dessus.<\/p>\n\n\n\n<hr class=\"wp-block-separator has-alpha-channel-opacity\"\/>\n\n\n\n<p><h2>Besoin d&rsquo;aide ?<\/h2><\/p>\n\n\n\n<p>Contactez-nous via contact@centre4axes.be pour toute question suppl\u00e9mentaire.<\/p>\n","protected":false},"excerpt":{"rendered":"<p>CONDITIONS G\u00c9N\u00c9RALES DE VENTE DU CENTRE 4 AXES Adresse :  [&#8230;]<\/p>\n","protected":false},"author":1,"featured_media":0,"parent":0,"menu_order":0,"comment_status":"closed","ping_status":"closed","template":"","meta":{"_price":"","_stock":"","_tribe_ticket_header":"","_tribe_default_ticket_provider":"","_tribe_ticket_capacity":"0","_ticket_start_date":"","_ticket_end_date":"","_tribe_ticket_show_description":"","_tribe_ticket_show_not_going":false,"_tribe_ticket_use_global_stock":"","_tribe_ticket_global_stock_level":"","_global_stock_mode":"","_global_stock_cap":"","_tribe_rsvp_for_event":"","_tribe_ticket_going_count":"","_tribe_ticket_not_going_count":"","_tribe_tickets_list":"[]","_tribe_ticket_has_attendee_info_fields":false,"footnotes":"","_tec_slr_enabled":"","_tec_slr_layout":""},"class_list":["post-11","page","type-page","status-publish","hentry"],"ticketed":false,"_links":{"self":[{"href":"https:\/\/centre4axes.be\/index.php?rest_route=\/wp\/v2\/pages\/11","targetHints":{"allow":["GET"]}}],"collection":[{"href":"https:\/\/centre4axes.be\/index.php?rest_route=\/wp\/v2\/pages"}],"about":[{"href":"https:\/\/centre4axes.be\/index.php?rest_route=\/wp\/v2\/types\/page"}],"author":[{"embeddable":true,"href":"https:\/\/centre4axes.be\/index.php?rest_route=\/wp\/v2\/users\/1"}],"replies":[{"embeddable":true,"href":"https:\/\/centre4axes.be\/index.php?rest_route=%2Fwp%2Fv2%2Fcomments&post=11"}],"version-history":[{"count":4,"href":"https:\/\/centre4axes.be\/index.php?rest_route=\/wp\/v2\/pages\/11\/revisions"}],"predecessor-version":[{"id":131,"href":"https:\/\/centre4axes.be\/index.php?rest_route=\/wp\/v2\/pages\/11\/revisions\/131"}],"wp:attachment":[{"href":"https:\/\/centre4axes.be\/index.php?rest_route=%2Fwp%2Fv2%2Fmedia&parent=11"}],"curies":[{"name":"wp","href":"https:\/\/api.w.org\/{rel}","templated":true}]}}